{"id":1733,"date":"2021-04-15T17:43:53","date_gmt":"2021-04-15T15:43:53","guid":{"rendered":"https:\/\/www.stadtkleid.at\/online-shop\/?post_type=product&#038;p=1733"},"modified":"2021-04-15T17:44:48","modified_gmt":"2021-04-15T15:44:48","slug":"kissenhuelle-mit-muster-rot","status":"publish","type":"product","link":"https:\/\/www.stadtkleid.at\/online-shop\/produkt\/kissenhuelle-mit-muster-rot\/","title":{"rendered":"Kissenh\u00fclle mit Muster rot"},"content":{"rendered":"<p>Diese Kissenh\u00fclle ist sehr hochwertig und perfekt f\u00fcr den Garten oder Balkon!<\/p>\n","protected":false},"excerpt":{"rendered":"<p>Facts:<\/p>\n<ul>\n<li>\u00a051 x 51 cm<\/li>\n<li>100% Baumwolle<\/li>\n<li>waschbar bei 40\u00b0C<\/li>\n<\/ul>\n","protected":false},"featured_media":1734,"comment_status":"open","ping_status":"closed","template":"","meta":[],"_links":{"self":[{"href":"https:\/\/www.stadtkleid.at\/online-shop\/wp-json\/wp\/v2\/product\/1733"}],"collection":[{"href":"https:\/\/www.stadtkleid.at\/online-shop\/wp-json\/wp\/v2\/product"}],"about":[{"href":"https:\/\/www.stadtkleid.at\/online-shop\/wp-json\/wp\/v2\/types\/product"}],"replies":[{"embeddable":true,"href":"https:\/\/www.stadtkleid.at\/online-shop\/wp-json\/wp\/v2\/comments?post=1733"}],"wp:featuredmedia":[{"embeddable":true,"href":"https:\/\/www.stadtkleid.at\/online-shop\/wp-json\/wp\/v2\/media\/1734"}],"wp:attachment":[{"href":"https:\/\/www.stadtkleid.at\/online-shop\/wp-json\/wp\/v2\/media?parent=1733"}],"curies":[{"name":"wp","href":"https:\/\/api.w.org\/{rel}","templated":true}]}}