{"id":1743,"date":"2021-04-23T16:07:53","date_gmt":"2021-04-23T14:07:53","guid":{"rendered":"https:\/\/www.stadtkleid.at\/online-shop\/?post_type=product&#038;p=1743"},"modified":"2021-04-23T16:11:09","modified_gmt":"2021-04-23T14:11:09","slug":"kissenhuelle-aus-leinen","status":"publish","type":"product","link":"https:\/\/www.stadtkleid.at\/online-shop\/produkt\/kissenhuelle-aus-leinen\/","title":{"rendered":"Kissenh\u00fclle aus Leinen"},"content":{"rendered":"<p>Diese Kissenh\u00fclle ist sehr hochwertig und perfekt f\u00fcr den Garten oder Balkon!<\/p>\n","protected":false},"excerpt":{"rendered":"<p>Facts:<\/p>\n<ul>\n<li>t\u00fcrkis<\/li>\n<li>\u00a051 x 51 cm<\/li>\n<li>100% Leinen<\/li>\n<li>waschbar bei 60\u00b0C<\/li>\n<\/ul>\n","protected":false},"featured_media":1742,"comment_status":"open","ping_status":"closed","template":"","meta":[],"_links":{"self":[{"href":"https:\/\/www.stadtkleid.at\/online-shop\/wp-json\/wp\/v2\/product\/1743"}],"collection":[{"href":"https:\/\/www.stadtkleid.at\/online-shop\/wp-json\/wp\/v2\/product"}],"about":[{"href":"https:\/\/www.stadtkleid.at\/online-shop\/wp-json\/wp\/v2\/types\/product"}],"replies":[{"embeddable":true,"href":"https:\/\/www.stadtkleid.at\/online-shop\/wp-json\/wp\/v2\/comments?post=1743"}],"wp:featuredmedia":[{"embeddable":true,"href":"https:\/\/www.stadtkleid.at\/online-shop\/wp-json\/wp\/v2\/media\/1742"}],"wp:attachment":[{"href":"https:\/\/www.stadtkleid.at\/online-shop\/wp-json\/wp\/v2\/media?parent=1743"}],"curies":[{"name":"wp","href":"https:\/\/api.w.org\/{rel}","templated":true}]}}