{"id":1744,"date":"2021-04-23T16:12:09","date_gmt":"2021-04-23T14:12:09","guid":{"rendered":"https:\/\/www.stadtkleid.at\/online-shop\/?post_type=product&#038;p=1744"},"modified":"2021-04-23T16:12:58","modified_gmt":"2021-04-23T14:12:58","slug":"kissenhuelle-aus-leinen-2","status":"publish","type":"product","link":"https:\/\/www.stadtkleid.at\/online-shop\/produkt\/kissenhuelle-aus-leinen-2\/","title":{"rendered":"Kissenh\u00fclle aus Leinen"},"content":{"rendered":"<p>Diese Kissenh\u00fclle ist sehr hochwertig und perfekt f\u00fcr den Garten oder Balkon!<\/p>\n","protected":false},"excerpt":{"rendered":"<p>Facts:<\/p>\n<ul>\n<li>grau<\/li>\n<li>\u00a051 x 51 cm<\/li>\n<li>100% Leinen<\/li>\n<li>waschbar bei 60\u00b0C<\/li>\n<\/ul>\n","protected":false},"featured_media":1739,"comment_status":"open","ping_status":"closed","template":"","meta":[],"_links":{"self":[{"href":"https:\/\/www.stadtkleid.at\/online-shop\/wp-json\/wp\/v2\/product\/1744"}],"collection":[{"href":"https:\/\/www.stadtkleid.at\/online-shop\/wp-json\/wp\/v2\/product"}],"about":[{"href":"https:\/\/www.stadtkleid.at\/online-shop\/wp-json\/wp\/v2\/types\/product"}],"replies":[{"embeddable":true,"href":"https:\/\/www.stadtkleid.at\/online-shop\/wp-json\/wp\/v2\/comments?post=1744"}],"wp:featuredmedia":[{"embeddable":true,"href":"https:\/\/www.stadtkleid.at\/online-shop\/wp-json\/wp\/v2\/media\/1739"}],"wp:attachment":[{"href":"https:\/\/www.stadtkleid.at\/online-shop\/wp-json\/wp\/v2\/media?parent=1744"}],"curies":[{"name":"wp","href":"https:\/\/api.w.org\/{rel}","templated":true}]}}