{"id":1889,"date":"2021-11-24T22:07:55","date_gmt":"2021-11-24T21:07:55","guid":{"rendered":"https:\/\/www.stadtkleid.at\/online-shop\/?post_type=product&#038;p=1889"},"modified":"2021-11-24T22:08:33","modified_gmt":"2021-11-24T21:08:33","slug":"pullover-aus-feinstem-kaschmir-6","status":"publish","type":"product","link":"https:\/\/www.stadtkleid.at\/online-shop\/produkt\/pullover-aus-feinstem-kaschmir-6\/","title":{"rendered":"Pullover aus feinstem Kaschmir"},"content":{"rendered":"<p>Flauschiger Pullover aus reinem Kaschmir!<\/p>\n<p>Dieses Produkt ist Qualit\u00e4t pur. Er besteht aus der feinsten Kaschmirwolle der Chyangra Bergziegen, die im Hochgebirge des Himalaya leben. F\u00fcr diesen kuscheligen Wohlf\u00fchlpullover wurde das wertvolle Edelhaar 4-f\u00e4dig verwendet.<\/p>\n","protected":false},"excerpt":{"rendered":"<p>Facts:<\/p>\n<ul>\n<li>Material: 100% Kaschmir<\/li>\n<li>4-f\u00e4dig<\/li>\n<li>V-Ausschnitt<\/li>\n<\/ul>\n","protected":false},"featured_media":1891,"comment_status":"open","ping_status":"closed","template":"","meta":[],"_links":{"self":[{"href":"https:\/\/www.stadtkleid.at\/online-shop\/wp-json\/wp\/v2\/product\/1889"}],"collection":[{"href":"https:\/\/www.stadtkleid.at\/online-shop\/wp-json\/wp\/v2\/product"}],"about":[{"href":"https:\/\/www.stadtkleid.at\/online-shop\/wp-json\/wp\/v2\/types\/product"}],"replies":[{"embeddable":true,"href":"https:\/\/www.stadtkleid.at\/online-shop\/wp-json\/wp\/v2\/comments?post=1889"}],"wp:featuredmedia":[{"embeddable":true,"href":"https:\/\/www.stadtkleid.at\/online-shop\/wp-json\/wp\/v2\/media\/1891"}],"wp:attachment":[{"href":"https:\/\/www.stadtkleid.at\/online-shop\/wp-json\/wp\/v2\/media?parent=1889"}],"curies":[{"name":"wp","href":"https:\/\/api.w.org\/{rel}","templated":true}]}}