{"id":832,"date":"2020-12-03T08:37:21","date_gmt":"2020-12-03T07:37:21","guid":{"rendered":"https:\/\/www.stadtkleid.at\/online-shop\/?post_type=product&#038;p=832"},"modified":"2020-12-09T11:57:47","modified_gmt":"2020-12-09T10:57:47","slug":"geschirrtuch-bio-baumwolle","status":"publish","type":"product","link":"https:\/\/www.stadtkleid.at\/online-shop\/produkt\/geschirrtuch-bio-baumwolle\/","title":{"rendered":"Geschirrtuch Bio-Baumwolle"},"content":{"rendered":"<p>Die Geschirrt\u00fccher von der Firma Aspegren Denmark bestehen aus 100% Bio-Baumwolle. Die Marke ist besonders bekannt f\u00fcr herausragende Qualit\u00e4t und Design. Verwenden Sie diese Geschirrt\u00fccher um die Umwelt zu schonen und Ihre K\u00fcche zu erhellen!<\/p>\n<p>Tipp: sehr gute Geschenkidee!<\/p>\n","protected":false},"excerpt":{"rendered":"<p>Facts<\/p>\n<ul class=\"woo-ul\">\n<li>Material: 100% Bio-Baumwolle<\/li>\n<li>Gr\u00f6\u00dfe 40 x 50 cm<\/li>\n<li>in der Maschine waschbar<\/li>\n<\/ul>\n","protected":false},"featured_media":833,"comment_status":"open","ping_status":"closed","template":"","meta":[],"_links":{"self":[{"href":"https:\/\/www.stadtkleid.at\/online-shop\/wp-json\/wp\/v2\/product\/832"}],"collection":[{"href":"https:\/\/www.stadtkleid.at\/online-shop\/wp-json\/wp\/v2\/product"}],"about":[{"href":"https:\/\/www.stadtkleid.at\/online-shop\/wp-json\/wp\/v2\/types\/product"}],"replies":[{"embeddable":true,"href":"https:\/\/www.stadtkleid.at\/online-shop\/wp-json\/wp\/v2\/comments?post=832"}],"wp:featuredmedia":[{"embeddable":true,"href":"https:\/\/www.stadtkleid.at\/online-shop\/wp-json\/wp\/v2\/media\/833"}],"wp:attachment":[{"href":"https:\/\/www.stadtkleid.at\/online-shop\/wp-json\/wp\/v2\/media?parent=832"}],"curies":[{"name":"wp","href":"https:\/\/api.w.org\/{rel}","templated":true}]}}